{"id":9,"date":"2018-08-22T18:31:27","date_gmt":"2018-08-22T15:31:27","guid":{"rendered":"http:\/\/haukivuori-virtasalmiampumarata.net\/?page_id=9"},"modified":"2019-08-08T18:44:30","modified_gmt":"2019-08-08T15:44:30","slug":"saannot","status":"publish","type":"page","link":"https:\/\/haukivuori-virtasalmiampumarata.net\/index.php\/saannot\/","title":{"rendered":"Ampumaradan s\u00e4\u00e4nn\u00f6t"},"content":{"rendered":"<h1>Kaatronmaan ampumaradan s\u00e4\u00e4nn\u00f6t<\/h1>\n<p>Kaikki radan k\u00e4ytt\u00e4j\u00e4t ovat velvollisia k\u00e4ytt\u00e4ytym\u00e4\u00e4n ampumaradalla hillitysti ja tahdikkaasti toisia kohtaan sek\u00e4 yll\u00e4pit\u00e4m\u00e4\u00e4n rehti\u00e4 urheiluhenke\u00e4.<\/p>\n<p>Ampujien, ratahenkil\u00f6kunnan ja katselijoiden turvallisuus vaatii jatkuvaa ampuma-aseiden k\u00e4sittelyn valvontaa ja varovaisuutta radalla liikuttaessa. Jokaisen radan k\u00e4ytt\u00e4j\u00e4n on tunnettava n\u00e4m\u00e4 turvallisuusohjeet ja m\u00e4\u00e4r\u00e4ykset.<\/p>\n<p>Mik\u00e4li riitt\u00e4v\u00e4\u00e4 varovaisuutta ei noudateta, on ammunnanvalvojalla tai ratavastaavalla milloin vain oikeus keskeytt\u00e4\u00e4 ammunta ja palauttaa kuri, taatakseen turvallinen harjoittelu\/kilpailu. Kaikkien radank\u00e4ytt\u00e4jien velvollisuus on auttaa h\u00e4nt\u00e4 siin\u00e4.<\/p>\n<p>Puutteista ja laiminly\u00f6nneist\u00e4 on ilmoitettava v\u00e4litt\u00f6m\u00e4sti ammunnanvalvojalle\/ratavastaavalle.<\/p>\n<ol>\n<li>K\u00e4sittele asettasi aina kuin se olisi ladattu.<\/li>\n<li>Radalla liikuttaessa on ase pidett\u00e4v\u00e4 katkaistuna\/lukot avattuna.<\/li>\n<li>Radalla k\u00e4ytet\u00e4\u00e4n vain luotipatruunoita. Haulipatruunalla ampuminen on kielletty.<\/li>\n<li>Ase on pidett\u00e4v\u00e4 rata-alueella lataamattomana. Aseen saa ladata vasta, kun ampuja seisoo ampumapaikallaan, k\u00e4\u00e4ntyneen\u00e4 ampumasuuntaan ja on h\u00e4nen vuoronsa ampua. Aseen tulee osoittaa ampumasuuntaan ennen lataamista.<\/li>\n<li>Kun ammunta keskeytyy, ase on avattava ja patruunat poistettava. Ampuja ei saa k\u00e4\u00e4nty\u00e4 ampumapaikallaan ennen kuin ase on tyhj\u00e4 ja lukot on avattuna.<\/li>\n<li>Aseh\u00e4iri\u00f6n sattuessa pid\u00e4 ase suunnattuna ampumasuuntaan. Keskeyt\u00e4 ammunta ja kutsu ammunanvalvoja\/ratavastaava paikalle. \u00c4l\u00e4 itse avaa lukkoa syttym\u00e4tt\u00f6m\u00e4n patruunan ollessa patruunapes\u00e4ss\u00e4.<\/li>\n<li>Kun aseella ei ammuta, on se s\u00e4ilytett\u00e4v\u00e4 lataamattomana asetelineess\u00e4\/kantolaukussa. T\u00e4ht\u00e4ysharjoittelu tyhj\u00e4ll\u00e4 aseella vain ammunnanvalvojan\/ratavastaavan ohjeistamalla paikalla.<\/li>\n<li>Toisen aseeseen koskeminen ilman lupaa on kielletty.<\/li>\n<li>Ampumaradalla on aina noudatettava ammunnanvalvojan\/ratavastaavan ohjeita.<\/li>\n<li>P\u00e4ihteiden k\u00e4ytt\u00f6 ja niiden vaikutuksen alaisena liikkuminen rata-alueella on kielletty.<\/li>\n<li>Ampumarata-alue pidet\u00e4\u00e4n siistin\u00e4 ja roskat ja metallihylsyt lajitellaan niille kuuluviin j\u00e4teastioihin. Korjaa tuomasi taulut ammunnan j\u00e4lkeen pois.<\/li>\n<li>K\u00e4yt\u00e4 aina kuulosuojaimia ja suositeltavaa on k\u00e4ytt\u00e4\u00e4 my\u00f6s suojalaseja.<\/li>\n<li>Kilpailuun tai harjoitukseen on aina m\u00e4\u00e4r\u00e4tt\u00e4v\u00e4 ammunnanvalvoja.<\/li>\n<\/ol>\n<p>Kirjaa ammutut laukaukset ratap\u00e4iv\u00e4kirjaan ja kuittaa allekirjoituksella.<\/p>\n<p>Ulkopuolisten (henkil\u00f6, joka ei ole ampumaratayhdistyksen j\u00e4sen seuran j\u00e4sen) ampumaharjoittelu radalla on kielletty ilman, ett\u00e4 j\u00e4senseuran j\u00e4sen on mukana tai ratavastaavalta on saatu siihen lupa. Ulkopuolisen\/vierailijan ampumaharjoittelun hinta on 5\u20ac \/10 laukauksen sarja tai 5\u20ac \/kohdistuslaukaukset. Maksu ratayhdistyksen tilille.<\/p>\n<p>radank\u00e4ytt\u00f6ajat:<br \/>\narkisin klo 9.00-20.00<br \/>\nlauantai klo 9.00-18.00<br \/>\nsunnuntai vain kilpailut 9.00-20.00<\/p>\n<p><strong>Muuna aikana ampuminen on ehdottomasti kielletty!<\/strong><\/p>\n<p>Ratavastaavalla on oikeus poistaa n\u00e4it\u00e4 s\u00e4\u00e4nt\u00f6j\u00e4 rikkovat rata-alueelta ja tarvittaessa asettaa t\u00e4llaiset henkil\u00f6t k\u00e4ytt\u00f6kieltoon m\u00e4\u00e4r\u00e4ajaksi.<\/p>\n<p>Ratavastaava, Raimo Pulliainen, puh. 0440460337<\/p>\n","protected":false},"excerpt":{"rendered":"<p>Kaatronmaan ampumaradan s\u00e4\u00e4nn\u00f6t Kaikki radan k\u00e4ytt\u00e4j\u00e4t ovat velvollisia k\u00e4ytt\u00e4ytym\u00e4\u00e4n ampumaradalla hillitysti ja tahdikkaasti toisia kohtaan sek\u00e4 yll\u00e4pit\u00e4m\u00e4\u00e4n rehti\u00e4 urheiluhenke\u00e4. Ampujien, ratahenkil\u00f6kunnan ja katselijoiden turvallisuus vaatii jatkuvaa ampuma-aseiden k\u00e4sittelyn valvontaa ja varovaisuutta radalla liikuttaessa. Jokaisen radan k\u00e4ytt\u00e4j\u00e4n on tunnettava n\u00e4m\u00e4 turvallisuusohjeet &hellip; <a href=\"https:\/\/haukivuori-virtasalmiampumarata.net\/index.php\/saannot\/\">Lue loppuun <span class=\"meta-nav\">&rarr;<\/span><\/a><\/p>\n","protected":false},"author":1,"featured_media":0,"parent":0,"menu_order":2,"comment_status":"closed","ping_status":"closed","template":"onecolumn-page.php","meta":[],"_links":{"self":[{"href":"https:\/\/haukivuori-virtasalmiampumarata.net\/index.php\/wp-json\/wp\/v2\/pages\/9"}],"collection":[{"href":"https:\/\/haukivuori-virtasalmiampumarata.net\/index.php\/wp-json\/wp\/v2\/pages"}],"about":[{"href":"https:\/\/haukivuori-virtasalmiampumarata.net\/index.php\/wp-json\/wp\/v2\/types\/page"}],"author":[{"embeddable":true,"href":"https:\/\/haukivuori-virtasalmiampumarata.net\/index.php\/wp-json\/wp\/v2\/users\/1"}],"replies":[{"embeddable":true,"href":"https:\/\/haukivuori-virtasalmiampumarata.net\/index.php\/wp-json\/wp\/v2\/comments?post=9"}],"version-history":[{"count":6,"href":"https:\/\/haukivuori-virtasalmiampumarata.net\/index.php\/wp-json\/wp\/v2\/pages\/9\/revisions"}],"predecessor-version":[{"id":77,"href":"https:\/\/haukivuori-virtasalmiampumarata.net\/index.php\/wp-json\/wp\/v2\/pages\/9\/revisions\/77"}],"wp:attachment":[{"href":"https:\/\/haukivuori-virtasalmiampumarata.net\/index.php\/wp-json\/wp\/v2\/media?parent=9"}],"curies":[{"name":"wp","href":"https:\/\/api.w.org\/{rel}","templated":true}]}}