{"id":7,"date":"2018-08-22T18:31:06","date_gmt":"2018-08-22T15:31:06","guid":{"rendered":"http:\/\/haukivuori-virtasalmiampumarata.net\/?page_id=7"},"modified":"2025-10-17T19:51:51","modified_gmt":"2025-10-17T16:51:51","slug":"etusivu","status":"publish","type":"page","link":"https:\/\/haukivuori-virtasalmiampumarata.net\/","title":{"rendered":"Etusivu"},"content":{"rendered":"<p>Haukivuori-Virtasalmi ampumaratayhdistys ry yll\u00e4pit\u00e4\u00e4 Kaatronmaan ampumarataa Mikkelin Haukivuorella, j\u00e4rjest\u00e4\u00e4 ampumakilpailu- ja harjoitustilaisuuksia sek\u00e4 j\u00e4rjest\u00e4\u00e4 niihen liittyv\u00e4\u00e4 koulutusta.<\/p>\n\n\n<figure class=\"wp-block-image size-large\"><img loading=\"lazy\" width=\"718\" height=\"1024\" src=\"https:\/\/haukivuori-virtasalmiampumarata.net\/wp-content\/uploads\/2025\/10\/Screenshot_20251017-1943372-718x1024.jpg\" alt=\"\" class=\"wp-image-105\" srcset=\"https:\/\/haukivuori-virtasalmiampumarata.net\/wp-content\/uploads\/2025\/10\/Screenshot_20251017-1943372-718x1024.jpg 718w, https:\/\/haukivuori-virtasalmiampumarata.net\/wp-content\/uploads\/2025\/10\/Screenshot_20251017-1943372-210x300.jpg 210w, https:\/\/haukivuori-virtasalmiampumarata.net\/wp-content\/uploads\/2025\/10\/Screenshot_20251017-1943372.jpg 763w\" sizes=\"(max-width: 718px) 100vw, 718px\" \/><\/figure>\n","protected":false},"excerpt":{"rendered":"<p>Haukivuori-Virtasalmi ampumaratayhdistys ry yll\u00e4pit\u00e4\u00e4 Kaatronmaan ampumarataa Mikkelin Haukivuorella, j\u00e4rjest\u00e4\u00e4 ampumakilpailu- ja harjoitustilaisuuksia sek\u00e4 j\u00e4rjest\u00e4\u00e4 niihen liittyv\u00e4\u00e4 koulutusta.<\/p>\n","protected":false},"author":1,"featured_media":0,"parent":0,"menu_order":1,"comment_status":"closed","ping_status":"closed","template":"onecolumn-page.php","meta":[],"_links":{"self":[{"href":"https:\/\/haukivuori-virtasalmiampumarata.net\/index.php\/wp-json\/wp\/v2\/pages\/7"}],"collection":[{"href":"https:\/\/haukivuori-virtasalmiampumarata.net\/index.php\/wp-json\/wp\/v2\/pages"}],"about":[{"href":"https:\/\/haukivuori-virtasalmiampumarata.net\/index.php\/wp-json\/wp\/v2\/types\/page"}],"author":[{"embeddable":true,"href":"https:\/\/haukivuori-virtasalmiampumarata.net\/index.php\/wp-json\/wp\/v2\/users\/1"}],"replies":[{"embeddable":true,"href":"https:\/\/haukivuori-virtasalmiampumarata.net\/index.php\/wp-json\/wp\/v2\/comments?post=7"}],"version-history":[{"count":5,"href":"https:\/\/haukivuori-virtasalmiampumarata.net\/index.php\/wp-json\/wp\/v2\/pages\/7\/revisions"}],"predecessor-version":[{"id":106,"href":"https:\/\/haukivuori-virtasalmiampumarata.net\/index.php\/wp-json\/wp\/v2\/pages\/7\/revisions\/106"}],"wp:attachment":[{"href":"https:\/\/haukivuori-virtasalmiampumarata.net\/index.php\/wp-json\/wp\/v2\/media?parent=7"}],"curies":[{"name":"wp","href":"https:\/\/api.w.org\/{rel}","templated":true}]}}