{"id":58,"date":"2019-03-04T19:22:26","date_gmt":"2019-03-04T17:22:26","guid":{"rendered":"http:\/\/haukivuori-virtasalmiampumarata.net\/?page_id=58"},"modified":"2019-03-04T19:34:46","modified_gmt":"2019-03-04T17:34:46","slug":"ampumaradan-varauskalenteri","status":"publish","type":"page","link":"https:\/\/haukivuori-virtasalmiampumarata.net\/index.php\/ampumaradan-varauskalenteri\/","title":{"rendered":"Ampumaradan varauskalenteri"},"content":{"rendered":"\n<p>T\u00e4st\u00e4 p\u00e4\u00e4set kirjautumaan ampumaradan varauskalenteriin.<\/p>\n\n\n\n<p>Kirjaudu sinulle annetulla k\u00e4ytt\u00e4j\u00e4tunnuksella ja salasanalla. Jos haluat varauksestasi s\u00e4hk\u00f6postimuistutuksen valitse kuittaus-kohdasta L\u00e4het\u00e4 s\u00e4hk\u00f6posti. Tarkista my\u00f6s, ett\u00e4 koko nimen kohdalla on mets\u00e4stysseuran nimi, jolle teet varausta.<\/p>\n\n\n\n<p><a href=\"https:\/\/www.supersaas.fi\/schedule\/Ampumaratayhdistys\/Ampumaradan_varauskalenteri\" target=\"_blank\" rel=\"noreferrer noopener\" aria-label=\"T\u00e4st\u00e4 varauskalenteriin. (avautuu uudessa v\u00e4lilehdess\u00e4)\">T\u00e4st\u00e4 varauskalenteriin.<\/a><\/p>\n\n\n\n<p><\/p>\n","protected":false},"excerpt":{"rendered":"<p>T\u00e4st\u00e4 p\u00e4\u00e4set kirjautumaan ampumaradan varauskalenteriin. Kirjaudu sinulle annetulla k\u00e4ytt\u00e4j\u00e4tunnuksella ja salasanalla. Jos haluat varauksestasi s\u00e4hk\u00f6postimuistutuksen valitse kuittaus-kohdasta L\u00e4het\u00e4 s\u00e4hk\u00f6posti. Tarkista my\u00f6s, ett\u00e4 koko nimen kohdalla on mets\u00e4stysseuran nimi, jolle teet varausta. T\u00e4st\u00e4 varauskalenteriin.<\/p>\n","protected":false},"author":1,"featured_media":0,"parent":0,"menu_order":3,"comment_status":"closed","ping_status":"closed","template":"","meta":[],"_links":{"self":[{"href":"https:\/\/haukivuori-virtasalmiampumarata.net\/index.php\/wp-json\/wp\/v2\/pages\/58"}],"collection":[{"href":"https:\/\/haukivuori-virtasalmiampumarata.net\/index.php\/wp-json\/wp\/v2\/pages"}],"about":[{"href":"https:\/\/haukivuori-virtasalmiampumarata.net\/index.php\/wp-json\/wp\/v2\/types\/page"}],"author":[{"embeddable":true,"href":"https:\/\/haukivuori-virtasalmiampumarata.net\/index.php\/wp-json\/wp\/v2\/users\/1"}],"replies":[{"embeddable":true,"href":"https:\/\/haukivuori-virtasalmiampumarata.net\/index.php\/wp-json\/wp\/v2\/comments?post=58"}],"version-history":[{"count":5,"href":"https:\/\/haukivuori-virtasalmiampumarata.net\/index.php\/wp-json\/wp\/v2\/pages\/58\/revisions"}],"predecessor-version":[{"id":65,"href":"https:\/\/haukivuori-virtasalmiampumarata.net\/index.php\/wp-json\/wp\/v2\/pages\/58\/revisions\/65"}],"wp:attachment":[{"href":"https:\/\/haukivuori-virtasalmiampumarata.net\/index.php\/wp-json\/wp\/v2\/media?parent=58"}],"curies":[{"name":"wp","href":"https:\/\/api.w.org\/{rel}","templated":true}]}}